{"id":9999407,"date":"2017-03-02T16:35:28","date_gmt":"2017-03-02T15:35:28","guid":{"rendered":"http:\/\/madamesuccess.com\/?page_id=9999407"},"modified":"2017-09-23T23:44:28","modified_gmt":"2017-09-23T21:44:28","slug":"a-propos","status":"publish","type":"page","link":"http:\/\/madamesuccess.com\/fr\/a-propos","title":{"rendered":"A propos"},"content":{"rendered":"<h2>Bonjour et Bienvenue!<\/h2>\n<p>Nous sommes heureuses de vous voir sur notre site Madame Succ\u00e8s. Ce projet a \u00e9t\u00e9 cr\u00e9\u00e9 le 8 mars 2017 afin de raconter les histoires de femmes qui ont r\u00e9ussi, et aussi afin de comprendre ce qui est le succ\u00e8s et quel est son secret.<\/p>\n<p>Nous vous invitons \u00e0 discuter, \u00e0 poser des questions, \u00e0 exprimer vos opinions, vos id\u00e9es et vos \u00e9motions. Nous vous remercions d&#8217;avance pour votre int\u00e9r\u00eat et pour votre participation active. Bonne lecture!<\/p>\n<h1><strong>Qui sommes nous?<\/strong><\/h1>\n<p>&nbsp;<\/p>\n<p style=\"text-align: center;\"><img loading=\"lazy\" decoding=\"async\" class=\"alignleft size-thumbnail wp-image-9999481\" src=\"http:\/\/madamesuccess.com\/wp-content\/uploads\/2015\/02\/Elena-Lysak-150x150.jpg\" alt=\"Elena Lysak\" width=\"150\" height=\"150\" \/>Elena LYSAK:<\/p>\n<p style=\"text-align: center;\">sociologue, journaliste, enseignante. Sp\u00e9cialiste en \u00e9tudes de genre, doctorante \u00e0 l&#8217;\u00c9cole des Hautes \u00c9tudes en Sciences Sociales \u00e0 Paris.<\/p>\n<p style=\"text-align: center;\"><img loading=\"lazy\" decoding=\"async\" class=\"alignleft size-thumbnail wp-image-9999484\" src=\"http:\/\/madamesuccess.com\/wp-content\/uploads\/2015\/02\/Olga-Fromentin-150x150.jpeg\" alt=\"Olga Fromentin\" width=\"150\" height=\"150\" \/><\/p>\n<p class=\"p1\" style=\"text-align: center;\"><span class=\"s1\">Olga FROMENTIN:<\/span><\/p>\n<p class=\"p1\" style=\"text-align: center;\"><span class=\"s1\">Analyste financier dans les T\u00e9l\u00e9communications\/Linguiste passion\u00e9e par la culture, la litt\u00e9rature et les arts.<\/span><\/p>\n<p style=\"text-align: center;\"><img loading=\"lazy\" decoding=\"async\" class=\"alignleft size-thumbnail wp-image-9999523\" src=\"http:\/\/madamesuccess.com\/wp-content\/uploads\/2015\/02\/Natalia-Yurevich-About-150x150.jpg\" alt=\"\" width=\"150\" height=\"150\" \/><\/p>\n<p style=\"text-align: center;\">Natalia YUREVICH:<\/p>\n<p style=\"text-align: center;\">Analyste du web, journaliste, fondatrice de ce blog.<\/p>\n<p>&nbsp;<\/p>\n<p>&nbsp;<\/p>\n<p>Un grand merci \u00e0 <a href=\"https:\/\/www.facebook.com\/Shootmebaby-169500519886044\/\">Anastasia RUFIN<\/a>, une photographe et une amie magnifique pour son aide avec beaucoup de photos sur ce site.<\/p>\n<p>Featured image sur le page principal: Merci \u00e0\u00a0<a href=\"http:\/\/www.fromentinjulien.com\/\">Julien Fromentin<\/a>.<\/p>\n","protected":false},"excerpt":{"rendered":"<p>Bonjour et Bienvenue! Nous sommes heureuses de vous voir sur notre site Madame Succ\u00e8s. Ce projet a \u00e9t\u00e9 [&hellip;]<\/p>\n","protected":false},"author":1,"featured_media":9999390,"parent":0,"menu_order":10,"comment_status":"open","ping_status":"open","template":"","meta":{"_mi_skip_tracking":false,"_monsterinsights_sitenote_active":false,"_monsterinsights_sitenote_note":"","_monsterinsights_sitenote_category":0,"footnotes":""},"class_list":["post-9999407","page","type-page","status-publish","has-post-thumbnail","hentry"],"yoast_head":"<!-- This site is optimized with the Yoast SEO plugin v21.3 - https:\/\/yoast.com\/wordpress\/plugins\/seo\/ -->\n<title>A propos - Madame Success<\/title>\n<meta name=\"description\" content=\"Ce projet est cr\u00e9\u00e9 afin de raconter les histoires de femmes qui ont r\u00e9ussi, et aussi afin de comprendre qu&#039;est-ce qui est le succ\u00e8s et quel est son secret.\" \/>\n<meta name=\"robots\" content=\"index, follow, max-snippet:-1, max-image-preview:large, max-video-preview:-1\" \/>\n<link rel=\"canonical\" href=\"http:\/\/madamesuccess.com\/fr\/a-propos\" \/>\n<meta property=\"og:locale\" content=\"fr_FR\" \/>\n<meta property=\"og:type\" content=\"article\" \/>\n<meta property=\"og:title\" content=\"A propos - Madame Success\" \/>\n<meta property=\"og:description\" content=\"Ce projet est cr\u00e9\u00e9 afin de raconter les histoires de femmes qui ont r\u00e9ussi, et aussi afin de comprendre qu&#039;est-ce qui est le succ\u00e8s et quel est son secret.\" \/>\n<meta property=\"og:url\" content=\"http:\/\/madamesuccess.com\/fr\/a-propos\" \/>\n<meta property=\"og:site_name\" content=\"Madame Success\" \/>\n<meta property=\"article:publisher\" content=\"https:\/\/www.facebook.com\/MadameSuccessParis\/?ref=aymt_homepage_panel\" \/>\n<meta property=\"article:modified_time\" content=\"2017-09-23T21:44:28+00:00\" \/>\n<meta property=\"og:image\" content=\"https:\/\/i2.wp.com\/madamesuccess.com\/wp-content\/uploads\/2017\/02\/MG_0684.jpg?fit=1450%2C967\" \/>\n\t<meta property=\"og:image:width\" content=\"1450\" \/>\n\t<meta property=\"og:image:height\" content=\"967\" \/>\n\t<meta property=\"og:image:type\" content=\"image\/jpeg\" \/>\n<meta name=\"twitter:card\" content=\"summary_large_image\" \/>\n<meta name=\"twitter:site\" content=\"@Madame_Succes\" \/>\n<meta name=\"twitter:label1\" content=\"Dur\u00e9e de lecture estim\u00e9e\" \/>\n\t<meta name=\"twitter:data1\" content=\"1 minute\" \/>\n<script type=\"application\/ld+json\" class=\"yoast-schema-graph\">{\"@context\":\"https:\/\/schema.org\",\"@graph\":[{\"@type\":\"WebPage\",\"@id\":\"http:\/\/madamesuccess.com\/fr\/a-propos\",\"url\":\"http:\/\/madamesuccess.com\/fr\/a-propos\",\"name\":\"A propos - Madame Success\",\"isPartOf\":{\"@id\":\"http:\/\/madamesuccess.com\/fr#website\"},\"datePublished\":\"2017-03-02T15:35:28+00:00\",\"dateModified\":\"2017-09-23T21:44:28+00:00\",\"description\":\"Ce projet est cr\u00e9\u00e9 afin de raconter les histoires de femmes qui ont r\u00e9ussi, et aussi afin de comprendre qu'est-ce qui est le succ\u00e8s et quel est son secret.\",\"breadcrumb\":{\"@id\":\"http:\/\/madamesuccess.com\/fr\/a-propos#breadcrumb\"},\"inLanguage\":\"fr-FR\",\"potentialAction\":[{\"@type\":\"ReadAction\",\"target\":[\"http:\/\/madamesuccess.com\/fr\/a-propos\"]}]},{\"@type\":\"BreadcrumbList\",\"@id\":\"http:\/\/madamesuccess.com\/fr\/a-propos#breadcrumb\",\"itemListElement\":[{\"@type\":\"ListItem\",\"position\":1,\"name\":\"Home\",\"item\":\"http:\/\/madamesuccess.com\/fr\"},{\"@type\":\"ListItem\",\"position\":2,\"name\":\"A propos\"}]},{\"@type\":\"WebSite\",\"@id\":\"http:\/\/madamesuccess.com\/fr#website\",\"url\":\"http:\/\/madamesuccess.com\/fr\",\"name\":\"Madame Success\",\"description\":\"Do it your way!\",\"publisher\":{\"@id\":\"http:\/\/madamesuccess.com\/fr#organization\"},\"potentialAction\":[{\"@type\":\"SearchAction\",\"target\":{\"@type\":\"EntryPoint\",\"urlTemplate\":\"http:\/\/madamesuccess.com\/fr?s={search_term_string}\"},\"query-input\":\"required name=search_term_string\"}],\"inLanguage\":\"fr-FR\"},{\"@type\":\"Organization\",\"@id\":\"http:\/\/madamesuccess.com\/fr#organization\",\"name\":\"MadameSuccess.com\",\"url\":\"http:\/\/madamesuccess.com\/fr\",\"logo\":{\"@type\":\"ImageObject\",\"inLanguage\":\"fr-FR\",\"@id\":\"http:\/\/madamesuccess.com\/fr#\/schema\/logo\/image\/\",\"url\":\"http:\/\/madamesuccess.com\/wp-content\/uploads\/2020\/10\/Madame-Success.png\",\"contentUrl\":\"http:\/\/madamesuccess.com\/wp-content\/uploads\/2020\/10\/Madame-Success.png\",\"width\":500,\"height\":500,\"caption\":\"MadameSuccess.com\"},\"image\":{\"@id\":\"http:\/\/madamesuccess.com\/fr#\/schema\/logo\/image\/\"},\"sameAs\":[\"https:\/\/www.facebook.com\/MadameSuccessParis\/?ref=aymt_homepage_panel\",\"https:\/\/twitter.com\/Madame_Succes\",\"https:\/\/www.instagram.com\/madamesuccess_project\/\"]}]}<\/script>\n<!-- \/ Yoast SEO plugin. -->","yoast_head_json":{"title":"A propos - Madame Success","description":"Ce projet est cr\u00e9\u00e9 afin de raconter les histoires de femmes qui ont r\u00e9ussi, et aussi afin de comprendre qu'est-ce qui est le succ\u00e8s et quel est son secret.","robots":{"index":"index","follow":"follow","max-snippet":"max-snippet:-1","max-image-preview":"max-image-preview:large","max-video-preview":"max-video-preview:-1"},"canonical":"http:\/\/madamesuccess.com\/fr\/a-propos","og_locale":"fr_FR","og_type":"article","og_title":"A propos - Madame Success","og_description":"Ce projet est cr\u00e9\u00e9 afin de raconter les histoires de femmes qui ont r\u00e9ussi, et aussi afin de comprendre qu'est-ce qui est le succ\u00e8s et quel est son secret.","og_url":"http:\/\/madamesuccess.com\/fr\/a-propos","og_site_name":"Madame Success","article_publisher":"https:\/\/www.facebook.com\/MadameSuccessParis\/?ref=aymt_homepage_panel","article_modified_time":"2017-09-23T21:44:28+00:00","og_image":[{"width":1450,"height":967,"url":"https:\/\/i2.wp.com\/madamesuccess.com\/wp-content\/uploads\/2017\/02\/MG_0684.jpg?fit=1450%2C967","type":"image\/jpeg"}],"twitter_card":"summary_large_image","twitter_site":"@Madame_Succes","twitter_misc":{"Dur\u00e9e de lecture estim\u00e9e":"1 minute"},"schema":{"@context":"https:\/\/schema.org","@graph":[{"@type":"WebPage","@id":"http:\/\/madamesuccess.com\/fr\/a-propos","url":"http:\/\/madamesuccess.com\/fr\/a-propos","name":"A propos - Madame Success","isPartOf":{"@id":"http:\/\/madamesuccess.com\/fr#website"},"datePublished":"2017-03-02T15:35:28+00:00","dateModified":"2017-09-23T21:44:28+00:00","description":"Ce projet est cr\u00e9\u00e9 afin de raconter les histoires de femmes qui ont r\u00e9ussi, et aussi afin de comprendre qu'est-ce qui est le succ\u00e8s et quel est son secret.","breadcrumb":{"@id":"http:\/\/madamesuccess.com\/fr\/a-propos#breadcrumb"},"inLanguage":"fr-FR","potentialAction":[{"@type":"ReadAction","target":["http:\/\/madamesuccess.com\/fr\/a-propos"]}]},{"@type":"BreadcrumbList","@id":"http:\/\/madamesuccess.com\/fr\/a-propos#breadcrumb","itemListElement":[{"@type":"ListItem","position":1,"name":"Home","item":"http:\/\/madamesuccess.com\/fr"},{"@type":"ListItem","position":2,"name":"A propos"}]},{"@type":"WebSite","@id":"http:\/\/madamesuccess.com\/fr#website","url":"http:\/\/madamesuccess.com\/fr","name":"Madame Success","description":"Do it your way!","publisher":{"@id":"http:\/\/madamesuccess.com\/fr#organization"},"potentialAction":[{"@type":"SearchAction","target":{"@type":"EntryPoint","urlTemplate":"http:\/\/madamesuccess.com\/fr?s={search_term_string}"},"query-input":"required name=search_term_string"}],"inLanguage":"fr-FR"},{"@type":"Organization","@id":"http:\/\/madamesuccess.com\/fr#organization","name":"MadameSuccess.com","url":"http:\/\/madamesuccess.com\/fr","logo":{"@type":"ImageObject","inLanguage":"fr-FR","@id":"http:\/\/madamesuccess.com\/fr#\/schema\/logo\/image\/","url":"http:\/\/madamesuccess.com\/wp-content\/uploads\/2020\/10\/Madame-Success.png","contentUrl":"http:\/\/madamesuccess.com\/wp-content\/uploads\/2020\/10\/Madame-Success.png","width":500,"height":500,"caption":"MadameSuccess.com"},"image":{"@id":"http:\/\/madamesuccess.com\/fr#\/schema\/logo\/image\/"},"sameAs":["https:\/\/www.facebook.com\/MadameSuccessParis\/?ref=aymt_homepage_panel","https:\/\/twitter.com\/Madame_Succes","https:\/\/www.instagram.com\/madamesuccess_project\/"]}]}},"_links":{"self":[{"href":"http:\/\/madamesuccess.com\/fr\/wp-json\/wp\/v2\/pages\/9999407","targetHints":{"allow":["GET"]}}],"collection":[{"href":"http:\/\/madamesuccess.com\/fr\/wp-json\/wp\/v2\/pages"}],"about":[{"href":"http:\/\/madamesuccess.com\/fr\/wp-json\/wp\/v2\/types\/page"}],"author":[{"embeddable":true,"href":"http:\/\/madamesuccess.com\/fr\/wp-json\/wp\/v2\/users\/1"}],"replies":[{"embeddable":true,"href":"http:\/\/madamesuccess.com\/fr\/wp-json\/wp\/v2\/comments?post=9999407"}],"version-history":[{"count":11,"href":"http:\/\/madamesuccess.com\/fr\/wp-json\/wp\/v2\/pages\/9999407\/revisions"}],"predecessor-version":[{"id":10000533,"href":"http:\/\/madamesuccess.com\/fr\/wp-json\/wp\/v2\/pages\/9999407\/revisions\/10000533"}],"wp:featuredmedia":[{"embeddable":true,"href":"http:\/\/madamesuccess.com\/fr\/wp-json\/wp\/v2\/media\/9999390"}],"wp:attachment":[{"href":"http:\/\/madamesuccess.com\/fr\/wp-json\/wp\/v2\/media?parent=9999407"}],"curies":[{"name":"wp","href":"https:\/\/api.w.org\/{rel}","templated":true}]}}